{"id":162,"date":"2018-09-05T17:09:08","date_gmt":"2018-09-05T15:09:08","guid":{"rendered":"https:\/\/lafamigliatatry.sk\/?page_id=162"},"modified":"2026-01-31T11:37:20","modified_gmt":"2026-01-31T10:37:20","slug":"jedalny-listok","status":"publish","type":"page","link":"https:\/\/lafamigliatatry.sk\/en\/jedalny-listok\/","title":{"rendered":"Jed\u00e1lny l\u00edstok"},"content":{"rendered":"<p style=\"text-align: center;\">Radi V\u00e1s priv\u00edtame ka\u017ed\u00fd de\u0148 od 11:30 do 22:00. Radi V\u00e1m priprav\u00edme aj jedl\u00e1 so sebou.<br \/>\n\n\t\t<!-- MasterSlider -->\n\t\t<div id=\"P_MS69f602856879c\" class=\"master-slider-parent ms-parent-id-3\" style=\"max-width:600px;\"  >\n\n\t\t\t\n\t\t\t<!-- MasterSlider Main -->\n\t\t\t<div id=\"MS69f602856879c\" class=\"master-slider ms-skin-default\" >\n\t\t\t\t \t\t\t\t \n\n\t\t\t<div  class=\"ms-slide\" data-delay=\"3\" data-fill-mode=\"fill\"   >\n\t\t\t\t\t<img decoding=\"async\" src=\"https:\/\/lafamigliatatry.sk\/wp-content\/plugins\/masterslider\/public\/assets\/css\/blank.gif\" alt=\"\" title=\"Menu - januar 2026 - bez eur_Page_1\" data-src=\"https:\/\/lafamigliatatry.sk\/wp-content\/uploads\/2026\/04\/Menu-januar-2026-bez-eur_Page_1.jpg\" \/>\n\n\n\t<img decoding=\"async\" class=\"ms-thumb\" src=\"https:\/\/lafamigliatatry.sk\/wp-content\/uploads\/2026\/04\/Menu-januar-2026-bez-eur_Page_1-100x80.jpg\" alt=\"\" \/>\n\t\t\t\t<\/div>\n\t\t\t<div  class=\"ms-slide\" data-delay=\"3\" data-fill-mode=\"fill\"   >\n\t\t\t\t\t<img decoding=\"async\" src=\"https:\/\/lafamigliatatry.sk\/wp-content\/plugins\/masterslider\/public\/assets\/css\/blank.gif\" alt=\"\" title=\"Menu - januar 2026 - bez eur_Page_2\" data-src=\"https:\/\/lafamigliatatry.sk\/wp-content\/uploads\/2026\/04\/Menu-januar-2026-bez-eur_Page_2.jpg\" \/>\n\n\n\t<img decoding=\"async\" class=\"ms-thumb\" src=\"https:\/\/lafamigliatatry.sk\/wp-content\/uploads\/2026\/04\/Menu-januar-2026-bez-eur_Page_2-100x80.jpg\" alt=\"\" \/>\n\t\t\t\t<\/div>\n\t\t\t<div  class=\"ms-slide\" data-delay=\"3\" data-fill-mode=\"fill\"   >\n\t\t\t\t\t<img decoding=\"async\" src=\"https:\/\/lafamigliatatry.sk\/wp-content\/plugins\/masterslider\/public\/assets\/css\/blank.gif\" alt=\"\" title=\"Menu - januar 2026 - bez eur_Page_3\" data-src=\"https:\/\/lafamigliatatry.sk\/wp-content\/uploads\/2026\/04\/Menu-januar-2026-bez-eur_Page_3.jpg\" \/>\n\n\n\t<img decoding=\"async\" class=\"ms-thumb\" src=\"https:\/\/lafamigliatatry.sk\/wp-content\/uploads\/2026\/04\/Menu-januar-2026-bez-eur_Page_3-100x80.jpg\" alt=\"\" \/>\n\t\t\t\t<\/div>\n\t\t\t<div  class=\"ms-slide\" data-delay=\"3\" data-fill-mode=\"fill\"   >\n\t\t\t\t\t<img decoding=\"async\" src=\"https:\/\/lafamigliatatry.sk\/wp-content\/plugins\/masterslider\/public\/assets\/css\/blank.gif\" alt=\"\" title=\"Menu - januar 2026 - bez eur_Page_4\" data-src=\"https:\/\/lafamigliatatry.sk\/wp-content\/uploads\/2026\/04\/Menu-januar-2026-bez-eur_Page_4.jpg\" \/>\n\n\n\t<img decoding=\"async\" class=\"ms-thumb\" src=\"https:\/\/lafamigliatatry.sk\/wp-content\/uploads\/2026\/04\/Menu-januar-2026-bez-eur_Page_4-100x80.jpg\" alt=\"\" \/>\n\t\t\t\t<\/div>\n\t\t\t<div  class=\"ms-slide\" data-delay=\"3\" data-fill-mode=\"fill\"   >\n\t\t\t\t\t<img decoding=\"async\" src=\"https:\/\/lafamigliatatry.sk\/wp-content\/plugins\/masterslider\/public\/assets\/css\/blank.gif\" alt=\"\" title=\"Menu - januar 2026 - bez eur_Page_5\" data-src=\"https:\/\/lafamigliatatry.sk\/wp-content\/uploads\/2026\/04\/Menu-januar-2026-bez-eur_Page_5.jpg\" \/>\n\n\n\t<img decoding=\"async\" class=\"ms-thumb\" src=\"https:\/\/lafamigliatatry.sk\/wp-content\/uploads\/2026\/04\/Menu-januar-2026-bez-eur_Page_5-100x80.jpg\" alt=\"\" \/>\n\t\t\t\t<\/div>\n\t\t\t<div  class=\"ms-slide\" data-delay=\"3\" data-fill-mode=\"fill\"   >\n\t\t\t\t\t<img decoding=\"async\" src=\"https:\/\/lafamigliatatry.sk\/wp-content\/plugins\/masterslider\/public\/assets\/css\/blank.gif\" alt=\"\" title=\"Menu - januar 2026 - bez eur_Page_6\" data-src=\"https:\/\/lafamigliatatry.sk\/wp-content\/uploads\/2026\/04\/Menu-januar-2026-bez-eur_Page_6.jpg\" \/>\n\n\n\t<img decoding=\"async\" class=\"ms-thumb\" src=\"https:\/\/lafamigliatatry.sk\/wp-content\/uploads\/2026\/04\/Menu-januar-2026-bez-eur_Page_6-100x80.jpg\" alt=\"\" \/>\n\t\t\t\t<\/div>\n\t\t\t<div  class=\"ms-slide\" data-delay=\"3\" data-fill-mode=\"fill\"   >\n\t\t\t\t\t<img decoding=\"async\" src=\"https:\/\/lafamigliatatry.sk\/wp-content\/plugins\/masterslider\/public\/assets\/css\/blank.gif\" alt=\"\" title=\"Menu_Tartufo_Print - januar 2026\" data-src=\"https:\/\/lafamigliatatry.sk\/wp-content\/uploads\/2026\/04\/Menu_Tartufo_Print-januar-2026-scaled.jpg\" \/>\n\n\n\t<img decoding=\"async\" class=\"ms-thumb\" src=\"https:\/\/lafamigliatatry.sk\/wp-content\/uploads\/2026\/04\/Menu_Tartufo_Print-januar-2026-scaled-100x80.jpg\" alt=\"\" \/>\n\t\t\t\t<\/div>\n\n\t\t\t<\/div>\n\t\t\t<!-- END MasterSlider Main -->\n\n\t\t\t \n\t\t<\/div>\n\t\t<!-- END MasterSlider -->\n\n\t\t<script>\n\t\t( window.MSReady = window.MSReady || [] ).push( function( $ ) {\n\n\t\t\t\"use strict\";\n\t\t\tvar masterslider_879c = new MasterSlider();\n\n\t\t\t\/\/ slider controls\n\t\t\tmasterslider_879c.control('arrows'     ,{ autohide:false, overVideo:true  });\n\t\t\tmasterslider_879c.control('bullets'    ,{ autohide:false, overVideo:true, dir:'h', align:'top', space:6 , margin:10  });\n\t\t\tmasterslider_879c.control('thumblist'  ,{ autohide:false, overVideo:true, dir:'h', speed:17, inset:false, arrows:false, hover:false, customClass:'', align:'bottom',type:'thumbs', margin:10, width:100, height:80, space:5, fillMode:'fill'  });\n\t\t\tmasterslider_879c.control('scrollbar'  ,{ autohide:false, overVideo:true, dir:'h', inset:true, align:'top', color:'#000000' , margin:10  , width:4 });\n\t\t\t\/\/ slider setup\n\t\t\tmasterslider_879c.setup(\"MS69f602856879c\", {\n\t\t\t\twidth           : 600,\n\t\t\t\theight          : 900,\n\t\t\t\tminHeight       : 0,\n\t\t\t\tspace           : 0,\n\t\t\t\tstart           : 1,\n\t\t\t\tgrabCursor      : true,\n\t\t\t\tswipe           : true,\n\t\t\t\tmouse           : true,\n\t\t\t\tkeyboard        : false,\n\t\t\t\tlayout          : \"boxed\",\n\t\t\t\twheel           : false,\n\t\t\t\tautoplay        : false,\n                instantStartLayers:false,\n\t\t\t\tmobileBGVideo:false,\n\t\t\t\tloop            : false,\n\t\t\t\tshuffle         : false,\n\t\t\t\tpreload         : 0,\n\t\t\t\theightLimit     : true,\n\t\t\t\tautoHeight      : false,\n\t\t\t\tsmoothHeight    : true,\n\t\t\t\tendPause        : false,\n\t\t\t\toverPause       : true,\n\t\t\t\tfillMode        : \"fill\",\n\t\t\t\tcenterControls  : true,\n\t\t\t\tstartOnAppear   : false,\n\t\t\t\tlayersMode      : \"center\",\n\t\t\t\tautofillTarget  : \"\",\n\t\t\t\thideLayers      : false,\n\t\t\t\tfullscreenMargin: 0,\n\t\t\t\tspeed           : 20,\n\t\t\t\tdir             : \"h\",\n\t\t\t\tparallaxMode    : 'swipe',\n\t\t\t\tview            : \"basic\"\n\t\t\t});\n\n\t\t\t\n\t\t\twindow.masterslider_instances = window.masterslider_instances || [];\n\t\t\twindow.masterslider_instances.push( masterslider_879c );\n\t\t});\n\t\t<\/script>\n\n<\/p>\n<p>&nbsp;<\/p>\n","protected":false},"excerpt":{"rendered":"<p>Radi V\u00e1s priv\u00edtame ka\u017ed\u00fd de\u0148 od 11:30 do 22:00. Radi V\u00e1m priprav\u00edme aj jedl\u00e1 so sebou. &nbsp;<\/p>\n","protected":false},"author":1,"featured_media":0,"parent":0,"menu_order":0,"comment_status":"closed","ping_status":"closed","template":"","meta":{"footnotes":""},"class_list":["post-162","page","type-page","status-publish","hentry"],"_links":{"self":[{"href":"https:\/\/lafamigliatatry.sk\/en\/wp-json\/wp\/v2\/pages\/162","targetHints":{"allow":["GET"]}}],"collection":[{"href":"https:\/\/lafamigliatatry.sk\/en\/wp-json\/wp\/v2\/pages"}],"about":[{"href":"https:\/\/lafamigliatatry.sk\/en\/wp-json\/wp\/v2\/types\/page"}],"author":[{"embeddable":true,"href":"https:\/\/lafamigliatatry.sk\/en\/wp-json\/wp\/v2\/users\/1"}],"replies":[{"embeddable":true,"href":"https:\/\/lafamigliatatry.sk\/en\/wp-json\/wp\/v2\/comments?post=162"}],"version-history":[{"count":38,"href":"https:\/\/lafamigliatatry.sk\/en\/wp-json\/wp\/v2\/pages\/162\/revisions"}],"predecessor-version":[{"id":530,"href":"https:\/\/lafamigliatatry.sk\/en\/wp-json\/wp\/v2\/pages\/162\/revisions\/530"}],"wp:attachment":[{"href":"https:\/\/lafamigliatatry.sk\/en\/wp-json\/wp\/v2\/media?parent=162"}],"curies":[{"name":"wp","href":"https:\/\/api.w.org\/{rel}","templated":true}]}}