{"id":8,"date":"2018-07-05T08:14:39","date_gmt":"2018-07-05T06:14:39","guid":{"rendered":"https:\/\/lafamigliatatry.sk\/?page_id=8"},"modified":"2022-11-13T15:54:02","modified_gmt":"2022-11-13T14:54:02","slug":"8-2","status":"publish","type":"page","link":"https:\/\/lafamigliatatry.sk\/en\/","title":{"rendered":"Homepage"},"content":{"rendered":"<div class=\"wpb-content-wrapper\"><p>[vc_row][vc_column]\n\t\t<!-- MasterSlider -->\n\t\t<div id=\"P_MS69f30c96a4a41\" class=\"master-slider-parent ms-parent-id-1\"  >\n\n\t\t\t\n\t\t\t<!-- MasterSlider Main -->\n\t\t\t<div id=\"MS69f30c96a4a41\" class=\"master-slider ms-skin-default\" >\n\t\t\t\t \t\t\t\t \n\n\t\t\t<div  class=\"ms-slide\" data-delay=\"3\" data-fill-mode=\"fill\"   >\n\t\t\t\t\t<img decoding=\"async\" src=\"https:\/\/lafamigliatatry.sk\/wp-content\/plugins\/masterslider\/public\/assets\/css\/blank.gif\" alt=\"\" title=\"hero-img\" data-src=\"https:\/\/lafamigliatatry.sk\/wp-content\/uploads\/2018\/07\/hero-img-tmave.jpg\" \/>\n\n\t\t\t\t\t<img decoding=\"async\"  class=\"ms-layer\" src=\"https:\/\/lafamigliatatry.sk\/wp-content\/plugins\/masterslider\/public\/assets\/css\/blank.gif\" data-src=\"https:\/\/lafamigliatatry.sk\/wp-content\/uploads\/2018\/07\/logo-01.png\" alt=\"\" style=\"width:500px;\"   data-duration=\"987\" data-delay=\"237\" data-ease=\"easeOutQuint\"        data-type=\"image\"          data-offset-x=\"0\" data-offset-y=\"0\" data-origin=\"mc\" data-position=\"normal\" \/>\n\n\n\t\t\t\t<\/div>\n\n\t\t\t<\/div>\n\t\t\t<!-- END MasterSlider Main -->\n\n\t\t\t \n\t\t<\/div>\n\t\t<!-- END MasterSlider -->\n\n\t\t<script>\n\t\t( window.MSReady = window.MSReady || [] ).push( function( $ ) {\n\n\t\t\t\"use strict\";\n\t\t\tvar masterslider_4a41 = new MasterSlider();\n\n\t\t\t\/\/ slider controls\n\t\t\t\/\/ slider setup\n\t\t\tmasterslider_4a41.setup(\"MS69f30c96a4a41\", {\n\t\t\t\twidth           : 1000,\n\t\t\t\theight          : 500,\n\t\t\t\tminHeight       : 0,\n\t\t\t\tspace           : 0,\n\t\t\t\tstart           : 1,\n\t\t\t\tgrabCursor      : true,\n\t\t\t\tswipe           : true,\n\t\t\t\tmouse           : true,\n\t\t\t\tkeyboard        : false,\n\t\t\t\tlayout          : \"fullscreen\",\n\t\t\t\twheel           : false,\n\t\t\t\tautoplay        : false,\n                instantStartLayers:false,\n\t\t\t\tmobileBGVideo:false,\n\t\t\t\tloop            : true,\n\t\t\t\tshuffle         : false,\n\t\t\t\tpreload         : 2,\n\t\t\t\theightLimit     : true,\n\t\t\t\tautoHeight      : false,\n\t\t\t\tsmoothHeight    : true,\n\t\t\t\tendPause        : false,\n\t\t\t\toverPause       : true,\n\t\t\t\tfillMode        : \"fill\",\n\t\t\t\tcenterControls  : true,\n\t\t\t\tstartOnAppear   : false,\n\t\t\t\tlayersMode      : \"center\",\n\t\t\t\tautofillTarget  : \"\",\n\t\t\t\thideLayers      : false,\n\t\t\t\tfullscreenMargin: 0,\n\t\t\t\tspeed           : 20,\n\t\t\t\tdir             : \"h\",\n\t\t\t\tparallaxMode    : 'swipe',\n\t\t\t\tview            : \"basic\"\n\t\t\t});\n\n\t\t\t\n\t\t\twindow.masterslider_instances = window.masterslider_instances || [];\n\t\t\twindow.masterslider_instances.push( masterslider_4a41 );\n\t\t});\n\t\t<\/script>\n\n[vc_empty_space height=&#8221;20px&#8221;][vc_single_image image=&#8221;42&#8243; img_size=&#8221;large&#8221; alignment=&#8221;center&#8221; onclick=&#8221;custom_link&#8221; link=&#8221;\/galeria&#8221;][\/vc_column][\/vc_row][vc_row content_placement=&#8221;middle&#8221; el_class=&#8221;welcoming-text&#8221; css=&#8221;.vc_custom_1532601293432{margin-top: 30px !important;margin-bottom: 50px !important;padding-right: 15px !important;padding-left: 15px !important;}&#8221; el_id=&#8221;listok&#8221;][vc_column][vc_custom_heading text=&#8221;Discover the true taste of Italy with us in Tatransk\u00e1 Lomnica. As a family restaurant, La Famiglia presents a diverse mix of flavors of Italian cuisine. We offer you delicious meals prepared with love from the freshest and highest quality ingredients. Come and experience a piece of Italy for yourself and you will definitely not regret your visit.&#8221; font_container=&#8221;tag:p|text_align:center|line_height:2.5&#8243; google_fonts=&#8221;font_family:Lora%3Aregular%2Citalic%2C700%2C700italic|font_style:400%20italic%3A400%3Aitalic&#8221;][\/vc_column][\/vc_row][vc_section][vc_row full_width=&#8221;stretch_row_content_no_spaces&#8221; el_class=&#8221;design-width&#8221;][vc_column width=&#8221;1\/2&#8243;][vc_single_image image=&#8221;346&#8243; img_size=&#8221;large&#8221;][\/vc_column][vc_column width=&#8221;1\/2&#8243; css=&#8221;.vc_custom_1530975092016{margin-right: 15px !important;margin-left: 30px !important;}&#8221;][vc_custom_heading text=&#8221;Menu&#8221; font_container=&#8221;tag:h2|font_size:25px|text_align:left|color:%23d22538&#8243; google_fonts=&#8221;font_family:Raleway%3A100%2C200%2C300%2Cregular%2C500%2C600%2C700%2C800%2C900|font_style:400%20regular%3A400%3Anormal&#8221;][vc_custom_heading text=&#8221;Our menu is the result of many years of experience working in top Italian restaurants in Rome, Vienna and Venice. Authentic crispy pizza, pasta or fresh dishes from the grill represent the cornerstones of our offer.&#8221; font_container=&#8221;tag:p|font_size:15px|text_align:left|line_height:2&#8243; google_fonts=&#8221;font_family:Lora%3Aregular%2Citalic%2C700%2C700italic|font_style:400%20italic%3A400%3Aitalic&#8221;][vc_btn title=&#8221;View the menu&#8221; style=&#8221;custom&#8221; custom_background=&#8221;#d12638&#8243; custom_text=&#8221;#ffffff&#8221; shape=&#8221;square&#8221; align=&#8221;left&#8221; link=&#8221;url:https%3A%2F%2Flafamigliatatry.sk%2Fjedalny-listok%2F|||&#8221;][\/vc_column][\/vc_row][vc_row full_width=&#8221;stretch_row_content_no_spaces&#8221; el_class=&#8221;design-width&#8221;][vc_column width=&#8221;1\/2&#8243; css=&#8221;.vc_custom_1530975224342{margin-top: 30px !important;margin-left: 15px !important;padding-right: 45px !important;}&#8221;][vc_custom_heading text=&#8221;Follow us on Instagram&#8221; font_container=&#8221;tag:h2|font_size:25px|text_align:right|color:%23d22538&#8243; google_fonts=&#8221;font_family:Raleway%3A100%2C200%2C300%2Cregular%2C500%2C600%2C700%2C800%2C900|font_style:400%20regular%3A400%3Anormal&#8221;][vc_custom_heading text=&#8221;Do you want to explore our delicious menu or see behind the scenes of our kitchen? Follow us on Instagram @lafamigliatatry.sk&#8221; font_container=&#8221;tag:p|font_size:15px|text_align:right|line_height:2&#8243; google_fonts=&#8221;font_family:Lora%3Aregular%2Citalic%2C700%2C700italic|font_style:400%20italic%3A400%3Aitalic&#8221;][vc_btn title=&#8221;Instagram @lafamigliatatry.sk&#8221; style=&#8221;custom&#8221; custom_background=&#8221;#d12638&#8243; custom_text=&#8221;#ffffff&#8221; shape=&#8221;square&#8221; align=&#8221;right&#8221; link=&#8221;url:https%3A%2F%2Fwww.instagram.com%2Flafamigliatatry.sk%2F|||&#8221;][\/vc_column][vc_column width=&#8221;1\/2&#8243;][vc_single_image image=&#8221;350&#8243; img_size=&#8221;full&#8221;][\/vc_column][\/vc_row][\/vc_section][vc_section el_id=&#8221;rezervacia&#8221;][vc_row][vc_column][vc_custom_heading text=&#8221;Book a table!&#8221; font_container=&#8221;tag:h2|font_size:25px|text_align:center|color:%23d12638&#8243; google_fonts=&#8221;font_family:Raleway%3A100%2C200%2C300%2Cregular%2C500%2C600%2C700%2C800%2C900|font_style:400%20regular%3A400%3Anormal&#8221; css=&#8221;.vc_custom_1668351141755{padding-top: 120px !important;padding-bottom: 50px !important;}&#8221;][vc_column_text]<\/p>\n<div class=\"caldera-grid\" id=\"caldera_form_1\" data-cf-ver=\"1.9.7\" data-cf-form-id=\"CF5b5982b5e6644\"><div id=\"caldera_notices_1\" data-spinner=\"https:\/\/lafamigliatatry.sk\/wp-admin\/images\/spinner.gif\"><\/div><form data-instance=\"1\" class=\"CF5b5982b5e6644 caldera_forms_form cfajax-trigger\" method=\"POST\" enctype=\"multipart\/form-data\" id=\"CF5b5982b5e6644_1\" data-form-id=\"CF5b5982b5e6644\" aria-label=\"Rezerva\u010dn&yacute; formul&aacute;r\" data-target=\"#caldera_notices_1\" data-template=\"#cfajax_CF5b5982b5e6644-tmpl\" data-cfajax=\"CF5b5982b5e6644\" data-load-element=\"_parent\" data-load-class=\"cf_processing\" data-post-disable=\"0\" data-action=\"cf_process_ajax_submit\" data-request=\"https:\/\/lafamigliatatry.sk\/en\/cf-api\/CF5b5982b5e6644\" data-hiderows=\"true\">\r\n<input type=\"hidden\" id=\"_cf_verify_CF5b5982b5e6644\" name=\"_cf_verify\" value=\"c5648320b5\"  data-nonce-time=\"1777536150\" \/><input type=\"hidden\" name=\"_wp_http_referer\" value=\"\/en\/wp-json\/wp\/v2\/pages\/8\" \/><div id=\"cf2-CF5b5982b5e6644_1\"><\/div><input type=\"hidden\" name=\"_cf_frm_id\" value=\"CF5b5982b5e6644\">\r\n<input type=\"hidden\" name=\"_cf_frm_ct\" value=\"1\">\r\n<input type=\"hidden\" name=\"cfajax\" value=\"CF5b5982b5e6644\">\r\n<input type=\"hidden\" name=\"_cf_cr_pst\" value=\"8\">\r\n<div class=\"hide\" style=\"display:none; overflow:hidden;height:0;width:0;\">\r\n<label>Url<\/label><input type=\"text\" name=\"url\" value=\"\" autocomplete=\"off\">\r\n<\/div><div id=\"CF5b5982b5e6644_1-row-1\"  class=\"row  first_row\"><div  class=\"col-sm-6  first_col\"><div data-field-wrapper=\"fld_8115780\" class=\"form-group\" id=\"fld_8115780_1-wrap\">\r\n\t<label id=\"fld_8115780Label\" for=\"fld_8115780_1\" class=\"control-label screen-reader-text sr-only\">Meno a priezvisko<\/label>\r\n\t<div class=\"\">\r\n\t\t<input placeholder=\"Meno a priezvisko\"  required type=\"text\" data-field=\"fld_8115780\" class=\" form-control\" id=\"fld_8115780_1\" name=\"fld_8115780\" value=\"\" data-type=\"text\" aria-required=\"true\"   aria-labelledby=\"fld_8115780Label\" >\t\t\t<\/div>\r\n<\/div>\r\n<\/div><div  class=\"col-sm-6  last_col\"><div data-field-wrapper=\"fld_9468323\" class=\"form-group\" id=\"fld_9468323_1-wrap\">\r\n\t<label id=\"fld_9468323Label\" for=\"fld_9468323_1\" class=\"control-label screen-reader-text sr-only\">Telef\u00f3nne \u010d\u00edslo<\/label>\r\n\t<div class=\"\">\r\n\t\t<input placeholder=\"Telef\u00f3nne \u010d\u00edslo\"  required type=\"tel\" data-field=\"fld_9468323\" class=\" form-control\" id=\"fld_9468323_1\" name=\"fld_9468323\" value=\"+421\" data-type=\"phone_better\" aria-required=\"true\"   aria-labelledby=\"fld_9468323Label\" >\t\t\t<\/div>\r\n<\/div>\r\n<\/div><\/div><div id=\"CF5b5982b5e6644_1-row-2\"  class=\"row \"><div  class=\"col-sm-6  first_col\"><div data-field-wrapper=\"fld_9657787\" class=\"form-group\" id=\"fld_9657787_1-wrap\">\r\n\t<label id=\"fld_9657787Label\" for=\"fld_9657787_1\" class=\"control-label screen-reader-text sr-only\">Po\u010det host\u00ed<\/label>\r\n\t<div class=\"\">\r\n\t\t<select name=\"fld_9657787\" value=\"\" data-field=\"fld_9657787\" class=\"form-control\" id=\"fld_9657787_1\"  required=\"required\"  aria-labelledby=\"fld_9657787Label\" >\n\t\t<option value=\"\" disabled selected>Po\u010det host\u00ed<\/option>\t\t\t\t\t<option value=\"1\"  data-calc-value=\"1\" >\n\t\t\t\t\t\t1\t\t\t\t\t<\/option>\n\t\t\t\t\t\t\t\t\t\t<option value=\"2\"  data-calc-value=\"2\" >\n\t\t\t\t\t\t2\t\t\t\t\t<\/option>\n\t\t\t\t\t\t\t\t\t\t<option value=\"3\"  data-calc-value=\"3\" >\n\t\t\t\t\t\t3\t\t\t\t\t<\/option>\n\t\t\t\t\t\t\t\t\t\t<option value=\"4\"  data-calc-value=\"4\" >\n\t\t\t\t\t\t4\t\t\t\t\t<\/option>\n\t\t\t\t\t\t\t\t\t\t<option value=\"5\"  data-calc-value=\"5\" >\n\t\t\t\t\t\t5\t\t\t\t\t<\/option>\n\t\t\t\t\t\t\t\t\t\t<option value=\"6\"  data-calc-value=\"6\" >\n\t\t\t\t\t\t6\t\t\t\t\t<\/option>\n\t\t\t\t\t\t\t\t\t\t<option value=\"7\"  data-calc-value=\"7\" >\n\t\t\t\t\t\t7\t\t\t\t\t<\/option>\n\t\t\t\t\t\t\t\t\t\t<option value=\"8\"  data-calc-value=\"8\" >\n\t\t\t\t\t\t8\t\t\t\t\t<\/option>\n\t\t\t\t\t\t\t\t\t\t<option value=\"9\"  data-calc-value=\"9\" >\n\t\t\t\t\t\t9\t\t\t\t\t<\/option>\n\t\t\t\t\t\t\t\t\t\t<option value=\"10\"  data-calc-value=\"10\" >\n\t\t\t\t\t\t10\t\t\t\t\t<\/option>\n\t\t\t\t\t\t\t<\/select>\n\t\t\t<\/div>\r\n<\/div>\r\n<\/div><div  class=\"col-sm-6  last_col\">\n<div data-field-wrapper=\"fld_4161663\" class=\"form-group\" id=\"fld_4161663_1-wrap\">\r\n  <label id=\"fld_4161663Label\" for=\"fld_4161663_1\" class=\"control-label screen-reader-text sr-only\">D\u00e1tum a \u010das<\/label>\r\n  <div class=\"\">\r\n    <input type=\"text\" name=\"fld_4161663\" value=\"\" id=\"fld_4161663_1\" data-field=\"fld_4161663\" class=\"form-control\" required=\"1\" placeholder=\"D\u00e1tum a \u010das\"  data-datepicker-config='{\"custom_class\":\"\",\"default\":\"\",\"format\":\"d.m.Y - H:i\",\"timepicker\":\"combined\",\"timepicker_format\":12,\"start_date\":\"\",\"end_date\":\"\",\"first_day_of_the_week\":\"monday\",\"style\":\"\",\"language\":\"https:\\\/\\\/lafamigliatatry.sk\\\/wp-content\\\/plugins\\\/wp-caldera-forms-time-picker-master\\\/assets\\\/flatpickr\\\/l10n\\\/sk.js\",\"email_identifier\":0,\"personally_identifying\":0}'  aria-labelledby=\"fld_4161663Label\" required  \/>\n      <\/div>\r\n<\/div>\r\n<\/div><\/div><div id=\"CF5b5982b5e6644_1-row-3\"  class=\"row \"><div  class=\"col-sm-12  single\"><div data-field-wrapper=\"fld_4350193\" class=\"form-group\" id=\"fld_4350193_1-wrap\">\r\n\t<label id=\"fld_4350193Label\" for=\"fld_4350193_1\" class=\"control-label screen-reader-text sr-only\">Emailov\u00e1 adresa<\/label>\r\n\t<div class=\"\">\r\n\t\t<input placeholder=\"V\u00e1\u0161 e-mail\"  required type=\"email\" data-field=\"fld_4350193\" class=\" form-control\" id=\"fld_4350193_1\" name=\"fld_4350193\" value=\"\" data-type=\"email\" aria-required=\"true\"   aria-labelledby=\"fld_4350193Label\" >\t\t\t<\/div>\r\n<\/div>\r\n<\/div><\/div><div id=\"CF5b5982b5e6644_1-row-4\"  class=\"row \"><div  class=\"col-sm-12  single\"><div data-field-wrapper=\"fld_5346262\" class=\"form-group\" id=\"fld_5346262_1-wrap\">\r\n\t<label id=\"fld_5346262Label\" for=\"fld_5346262_1\" class=\"control-label screen-reader-text sr-only\">Pozn\u00e1mka<\/label>\r\n\t<div class=\"\">\r\n\t\t<textarea name=\"fld_5346262\" value=\"\" data-field=\"fld_5346262\" class=\"form-control\" id=\"fld_5346262_1\" rows=\"4\" placeholder=\"Pozn\u00e1mka\"    aria-labelledby=\"fld_5346262Label\" ><\/textarea>\n\t\t\t<\/div>\r\n<\/div>\r\n<div data-field-wrapper=\"fld_1705350\" class=\"form-group\" id=\"fld_1705350_1-wrap\">\r\n\t<label id=\"fld_1705350Label\" for=\"fld_1705350_1\" class=\"control-label screen-reader-text sr-only\">S\u00fahlas\u00edm so spracovan\u00edm osobn\u00fdch \u00fadajov<\/label>\r\n\t<div class=\"\">\r\n\t\t\t\t\t\t\n                <label  class=\"checkbox-inline\"                        for=\"fld_1705350_1_opt2008870\"\n                >\n                            <input\n                                data-parsley-required=\"true\" data-parsley-group=\"fld_1705350_1\" data-parsley-multiple=\"fld_1705350_1\"                                type=\"checkbox\"\n                                data-label=\"S\u00fahlas\u00edm so spracovan\u00edm osobn\u00fdch \u00fadajov\"\n                                data-field=\"fld_1705350\"\n                                id=\"fld_1705350_1_opt2008870\"\n                                class=\"fld_1705350_1 option-required\"\n                                name=\"fld_1705350[opt2008870]\"\n                                value=\"S\u00fahlas\u00edm so spracovan\u00edm osobn\u00fdch \u00fadajov\"\n                                                                data-type=\"checkbox\"\n                                data-checkbox-field=\"fld_1705350_1\"\n                                                                data-calc-value=\"S\u00fahlas\u00edm so spracovan\u00edm osobn\u00fdch \u00fadajov\"\n                            >\n                    S\u00fahlas\u00edm so spracovan\u00edm osobn\u00fdch \u00fadajov                <\/label>\n\n                \t\t\t\t\t\t\t<\/div>\r\n<\/div>\r\n<\/div><\/div><div id=\"CF5b5982b5e6644_1-row-5\"  class=\"row  last_row\"><div  class=\"col-sm-12  single\"><div data-field-wrapper=\"fld_2114634\" class=\"form-group text-right\" id=\"fld_2114634_1-wrap\">\r\n<div class=\"\">\r\n\t<input  class=\"button\" type=\"submit\" name=\"fld_2114634\" id=\"fld_2114634_1\" value=\"Rezervova\u0165\" data-field=\"fld_2114634\"  >\n<\/div>\r\n<\/div>\r\n\t<input class=\"button_trigger_1\" type=\"hidden\" name=\"fld_2114634\" id=\"fld_2114634_1_btn\" value=\"\" data-field=\"fld_2114634\"  \/>\n<\/div><\/div><\/form>\r\n<\/div>\r\n\n<p>[\/vc_column_text][\/vc_column][\/vc_row][\/vc_section]<\/p>\n<\/div>","protected":false},"excerpt":{"rendered":"<p>[vc_row][vc_column][vc_empty_space height=&#8221;20px&#8221;][vc_single_image image=&#8221;42&#8243; img_size=&#8221;large&#8221; alignment=&#8221;center&#8221; onclick=&#8221;custom_link&#8221; link=&#8221;\/galeria&#8221;][\/vc_column][\/vc_row][vc_row content_placement=&#8221;middle&#8221; el_class=&#8221;welcoming-text&#8221; css=&#8221;.vc_custom_1532601293432{margin-top: 30px !important;margin-bottom: 50px !important;padding-right: 15px !important;padding-left: 15px !important;}&#8221; el_id=&#8221;listok&#8221;][vc_column][vc_custom_heading text=&#8221;Discover the true taste of Italy with us in Tatransk\u00e1 Lomnica. As a family restaurant, La Famiglia presents a diverse mix of flavors of Italian cuisine. We offer you delicious meals prepared with love from the freshest and highest quality ingredients. Come and experience a piece [&hellip;]<\/p>\n","protected":false},"author":1,"featured_media":0,"parent":0,"menu_order":0,"comment_status":"closed","ping_status":"closed","template":"page-vc.php","meta":{"footnotes":""},"class_list":["post-8","page","type-page","status-publish","hentry"],"_links":{"self":[{"href":"https:\/\/lafamigliatatry.sk\/en\/wp-json\/wp\/v2\/pages\/8","targetHints":{"allow":["GET"]}}],"collection":[{"href":"https:\/\/lafamigliatatry.sk\/en\/wp-json\/wp\/v2\/pages"}],"about":[{"href":"https:\/\/lafamigliatatry.sk\/en\/wp-json\/wp\/v2\/types\/page"}],"author":[{"embeddable":true,"href":"https:\/\/lafamigliatatry.sk\/en\/wp-json\/wp\/v2\/users\/1"}],"replies":[{"embeddable":true,"href":"https:\/\/lafamigliatatry.sk\/en\/wp-json\/wp\/v2\/comments?post=8"}],"version-history":[{"count":81,"href":"https:\/\/lafamigliatatry.sk\/en\/wp-json\/wp\/v2\/pages\/8\/revisions"}],"predecessor-version":[{"id":479,"href":"https:\/\/lafamigliatatry.sk\/en\/wp-json\/wp\/v2\/pages\/8\/revisions\/479"}],"wp:attachment":[{"href":"https:\/\/lafamigliatatry.sk\/en\/wp-json\/wp\/v2\/media?parent=8"}],"curies":[{"name":"wp","href":"https:\/\/api.w.org\/{rel}","templated":true}]}}